{"id":85,"date":"2022-09-22T00:19:31","date_gmt":"2022-09-22T00:19:31","guid":{"rendered":"https:\/\/rdavanza.com\/?page_id=85"},"modified":"2022-09-22T10:55:47","modified_gmt":"2022-09-22T10:55:47","slug":"facts-acerca-de-estonia","status":"publish","type":"page","link":"https:\/\/rdavanza.com\/index.php\/facts-acerca-de-estonia\/","title":{"rendered":"Facts acerca de Estonia"},"content":{"rendered":"\n<figure class=\"wp-block-image size-large\"><img decoding=\"async\" loading=\"lazy\" width=\"1024\" height=\"1024\" src=\"https:\/\/rdavanza.com\/wp-content\/uploads\/2022\/08\/logo-completo-1024x1024.png\" alt=\"\" class=\"wp-image-24\"\/><\/figure>\n\n\n\n<h2 class=\"wp-block-heading\">Facts acerca de Estonia<\/h2>\n\n\n\n<div class=\"wp-block-columns is-layout-flex wp-container-3\">\n<div class=\"wp-block-column is-layout-flow\" style=\"flex-basis:33.33%\">\n<figure class=\"wp-block-image size-full\"><img decoding=\"async\" loading=\"lazy\" width=\"400\" height=\"400\" src=\"https:\/\/rdavanza.com\/wp-content\/uploads\/2022\/09\/texco-kwok-KrExGOaV4PY-unsplash.jpg\" alt=\"\" class=\"wp-image-86\" srcset=\"https:\/\/rdavanza.com\/wp-content\/uploads\/2022\/09\/texco-kwok-KrExGOaV4PY-unsplash.jpg 400w, https:\/\/rdavanza.com\/wp-content\/uploads\/2022\/09\/texco-kwok-KrExGOaV4PY-unsplash-300x300.jpg 300w, https:\/\/rdavanza.com\/wp-content\/uploads\/2022\/09\/texco-kwok-KrExGOaV4PY-unsplash-150x150.jpg 150w, https:\/\/rdavanza.com\/wp-content\/uploads\/2022\/09\/texco-kwok-KrExGOaV4PY-unsplash-256x256.jpg 256w\" sizes=\"(max-width: 400px) 100vw, 400px\" \/><\/figure>\n<\/div>\n\n\n\n<div class=\"wp-block-column is-layout-flow\" style=\"flex-basis:66.66%\">\n<p>CIUDADANIA<\/p>\n\n\n\n<p>Una importante lecci\u00f3n es \u201cQue se muevan los datos y no las personas\u201d<\/p>\n\n\n\n<p>Todos los ciudadanos tienen su ciudadan\u00eda digital lo que les permite realizar tramites directamente en Internet sin asistir personalmente, su tarjeta de identidad digital les permite realizar todo tipo de consultas con la administraci\u00f3n: votar en las elecciones, pagar el transporte p\u00fablico, realizar los impuestos, firmar y cifrar documentos, comunicarse con su banco, usar el sistema de email p\u00fablico que Estonia ofrece, etc.<\/p>\n\n\n\n<p>Un reci\u00e9n nacido es registrado en l\u00ednea como ciudadano por sus parientes. Sin filas, sin papeles, y directamente desde el hospital.<\/p>\n\n\n\n<p>Incluso ya se est\u00e1n haciendo pruebas de juicios digitales para peque\u00f1os casos civiles.<\/p>\n\n\n\n<p>Y existe, para ciudadanos extranjeros la e-residency con la que puedes abrir empresas, cuentas de banco, etc. sin vivir en el pa\u00eds.<\/p>\n<\/div>\n<\/div>\n\n\n\n<div class=\"wp-block-columns is-layout-flex wp-container-6\">\n<div class=\"wp-block-column is-layout-flow\" style=\"flex-basis:33.33%\">\n<figure class=\"wp-block-image size-full\"><img decoding=\"async\" loading=\"lazy\" width=\"400\" height=\"400\" src=\"https:\/\/rdavanza.com\/wp-content\/uploads\/2022\/09\/hush-naidoo-jade-photography-yo01Z-9HQAw-unsplash.jpg\" alt=\"\" class=\"wp-image-87\" srcset=\"https:\/\/rdavanza.com\/wp-content\/uploads\/2022\/09\/hush-naidoo-jade-photography-yo01Z-9HQAw-unsplash.jpg 400w, https:\/\/rdavanza.com\/wp-content\/uploads\/2022\/09\/hush-naidoo-jade-photography-yo01Z-9HQAw-unsplash-300x300.jpg 300w, https:\/\/rdavanza.com\/wp-content\/uploads\/2022\/09\/hush-naidoo-jade-photography-yo01Z-9HQAw-unsplash-150x150.jpg 150w, https:\/\/rdavanza.com\/wp-content\/uploads\/2022\/09\/hush-naidoo-jade-photography-yo01Z-9HQAw-unsplash-256x256.jpg 256w\" sizes=\"(max-width: 400px) 100vw, 400px\" \/><\/figure>\n<\/div>\n\n\n\n<div class=\"wp-block-column is-layout-flow\" style=\"flex-basis:66.66%\">\n<p><strong>Salud<\/strong><\/p>\n\n\n\n<p>Estonia tiene sistemas gratuitos y privados de salud, lo relevante con respecto a la salud en Estonia es que hoy el proceso est\u00e1 completamente informatizado. As\u00ed, cualquier asistencia m\u00e9dica genera un registro electr\u00f3nico, tanto en la atenci\u00f3n p\u00fablica como en la privada. Lo que facilita y agiliza el trabajo de los m\u00e9dicos, ya que toda la historia del paciente est\u00e1 en un solo lugar.&nbsp; EL medico no tiene que preguntar o averiguar que medicamentos, tipo de sangre u operaciones tuvo el paciente y el nuevo tratamiento que aconseje inmediatamente entra a la historia cl\u00ednica. Elimina cantidades de errores que pueden darse por falta de datos de los m\u00e9dicos. El 98% de los r\u00e9cipes en Estonia es Digital.<\/p>\n<\/div>\n<\/div>\n\n\n\n<div class=\"wp-block-columns is-layout-flex wp-container-9\">\n<div class=\"wp-block-column is-layout-flow\" style=\"flex-basis:33.33%\">\n<figure class=\"wp-block-image size-full\"><img decoding=\"async\" loading=\"lazy\" width=\"400\" height=\"400\" src=\"https:\/\/rdavanza.com\/wp-content\/uploads\/2022\/09\/christa-dodoo-MldQeWmF2_g-unsplash.jpg\" alt=\"\" class=\"wp-image-88\" srcset=\"https:\/\/rdavanza.com\/wp-content\/uploads\/2022\/09\/christa-dodoo-MldQeWmF2_g-unsplash.jpg 400w, https:\/\/rdavanza.com\/wp-content\/uploads\/2022\/09\/christa-dodoo-MldQeWmF2_g-unsplash-300x300.jpg 300w, https:\/\/rdavanza.com\/wp-content\/uploads\/2022\/09\/christa-dodoo-MldQeWmF2_g-unsplash-150x150.jpg 150w, https:\/\/rdavanza.com\/wp-content\/uploads\/2022\/09\/christa-dodoo-MldQeWmF2_g-unsplash-256x256.jpg 256w\" sizes=\"(max-width: 400px) 100vw, 400px\" \/><\/figure>\n<\/div>\n\n\n\n<div class=\"wp-block-column is-layout-flow\" style=\"flex-basis:66.66%\">\n<p><strong>Tr\u00e1mites<\/strong><\/p>\n\n\n\n<p>Perdemos mucho tiempo haciendo tr\u00e1mites y siempre se nos olvida alguna copia. Todos los ministerios est\u00e1n conectados as\u00ed que no debes crear registros nuevos por cada tramite que debas hacer en cada organismo.<\/p>\n\n\n\n<p>Estonia es pionera con el programa X-Road, que permite a sus agencias y partes del gobierno compartir datos de forma segura y privada. Eliminando la necesidad de ir con fotocopias, duplicados, fotos nuevas, y datos b\u00e1sicos para cualquier gesti\u00f3n. El 99% de los servicios gubernamentales se prestan en l\u00ednea. No es de extra\u00f1ar que Estonia ocupe el primer lugar de la Uni\u00f3n Europea en Servicios P\u00fablicos Digitales seg\u00fan el \u00cdndice de Econom\u00eda y Sociedad Digital 2021 de la Comisi\u00f3n Europea.<\/p>\n<\/div>\n<\/div>\n\n\n\n<div class=\"wp-block-columns is-layout-flex wp-container-12\">\n<div class=\"wp-block-column is-layout-flow\" style=\"flex-basis:33.33%\">\n<figure class=\"wp-block-image size-full\"><img decoding=\"async\" loading=\"lazy\" width=\"400\" height=\"400\" src=\"https:\/\/rdavanza.com\/wp-content\/uploads\/2022\/09\/markus-winkler-IrRbSND5EUc-unsplash.jpg\" alt=\"\" class=\"wp-image-89\" srcset=\"https:\/\/rdavanza.com\/wp-content\/uploads\/2022\/09\/markus-winkler-IrRbSND5EUc-unsplash.jpg 400w, https:\/\/rdavanza.com\/wp-content\/uploads\/2022\/09\/markus-winkler-IrRbSND5EUc-unsplash-300x300.jpg 300w, https:\/\/rdavanza.com\/wp-content\/uploads\/2022\/09\/markus-winkler-IrRbSND5EUc-unsplash-150x150.jpg 150w, https:\/\/rdavanza.com\/wp-content\/uploads\/2022\/09\/markus-winkler-IrRbSND5EUc-unsplash-256x256.jpg 256w\" sizes=\"(max-width: 400px) 100vw, 400px\" \/><\/figure>\n<\/div>\n\n\n\n<div class=\"wp-block-column is-layout-flow\" style=\"flex-basis:66.66%\">\n<p><strong>Negocios.<\/strong><\/p>\n\n\n\n<p>Crear un negocio en menos de 20 minutos es una realidad. Dos bancos suecos \u2014SEB y Swedbank\u2014 con oficinas en Estonia, y un banco estonio, el LHV, m\u00e1s peque\u00f1o pero muy moderno ayudan en eso. &nbsp;Tiene una importante presencia en Internet, m\u00e9todo con el cual la mayor\u00eda de sus clientes operan.<\/p>\n\n\n\n<p>Como Estonia es parte de la comunidad europea puedes incluso crear un E-Business, un negocio radicado en Estonia para comerciar con la comunidad sin tener oficinas en el pa\u00eds.<\/p>\n<\/div>\n<\/div>\n\n\n\n<div class=\"wp-block-columns is-layout-flex wp-container-15\">\n<div class=\"wp-block-column is-layout-flow\" style=\"flex-basis:33.33%\">\n<figure class=\"wp-block-image size-full\"><img decoding=\"async\" loading=\"lazy\" width=\"400\" height=\"400\" src=\"https:\/\/rdavanza.com\/wp-content\/uploads\/2022\/09\/desola-lanre-ologun-IgUR1iX0mqM-unsplash.jpg\" alt=\"\" class=\"wp-image-91\" srcset=\"https:\/\/rdavanza.com\/wp-content\/uploads\/2022\/09\/desola-lanre-ologun-IgUR1iX0mqM-unsplash.jpg 400w, https:\/\/rdavanza.com\/wp-content\/uploads\/2022\/09\/desola-lanre-ologun-IgUR1iX0mqM-unsplash-300x300.jpg 300w, https:\/\/rdavanza.com\/wp-content\/uploads\/2022\/09\/desola-lanre-ologun-IgUR1iX0mqM-unsplash-150x150.jpg 150w, https:\/\/rdavanza.com\/wp-content\/uploads\/2022\/09\/desola-lanre-ologun-IgUR1iX0mqM-unsplash-256x256.jpg 256w\" sizes=\"(max-width: 400px) 100vw, 400px\" \/><\/figure>\n<\/div>\n\n\n\n<div class=\"wp-block-column is-layout-flow\" style=\"flex-basis:66.66%\">\n<p><strong>Educaci\u00f3n<\/strong><\/p>\n\n\n\n<p>Las escuelas ense\u00f1an las competencias necesarias para desenvolverse en la sociedad, aprender en forma independiente y estar alerta ante las amenazas cibern\u00e9ticas. Imaginando cu\u00e1les ser\u00e1n los empleos del ma\u00f1ana, los programas de estudios est\u00e1n basados en aprendizajes de rob\u00f3tica, programaci\u00f3n y todas las llamadas \u201chabilidades complejas\u201d. Uno de los resultados de esto es que, desde el a\u00f1o 2015, el pa\u00eds se ubica primero entre los pa\u00edses europeos en el ranking PISA (Programa para la Evaluaci\u00f3n Internacional de Alumnos de la OCDE) desplazando a Finlandia.<\/p>\n\n\n\n<p>Estonia no tiene demasiados recursos naturales. Ni gas, ni minas de oro, por lo que decidieron ser &nbsp;inteligentes. Luego de su independencia de la URSS en 1991, el pa\u00eds qued\u00f3 sumido en una fuerte crisis econ\u00f3mica y su desaf\u00edo fue superarla con un magro presupuesto p\u00fablico. Esto propici\u00f3 el escenario para la digitalizaci\u00f3n y a un cambio transversal de la forma de pensar y relacionarse de sus propios ciudadanos y el primer gran paso fue el cambio estructural en el proceso educativo. Todo ello, a su vez, fue posible por las alianzas p\u00fablico-privadas que se tejieron para generar la e-Estonia o Estonia digital.<\/p>\n<\/div>\n<\/div>\n\n\n\n<div class=\"wp-block-columns is-layout-flex wp-container-18\">\n<div class=\"wp-block-column is-layout-flow\" style=\"flex-basis:33.33%\">\n<figure class=\"wp-block-image size-full\"><img decoding=\"async\" loading=\"lazy\" width=\"400\" height=\"400\" src=\"https:\/\/rdavanza.com\/wp-content\/uploads\/2022\/09\/engin-akyurt-IZj7vckPGiw-unsplash.jpg\" alt=\"\" class=\"wp-image-92\" srcset=\"https:\/\/rdavanza.com\/wp-content\/uploads\/2022\/09\/engin-akyurt-IZj7vckPGiw-unsplash.jpg 400w, https:\/\/rdavanza.com\/wp-content\/uploads\/2022\/09\/engin-akyurt-IZj7vckPGiw-unsplash-300x300.jpg 300w, https:\/\/rdavanza.com\/wp-content\/uploads\/2022\/09\/engin-akyurt-IZj7vckPGiw-unsplash-150x150.jpg 150w, https:\/\/rdavanza.com\/wp-content\/uploads\/2022\/09\/engin-akyurt-IZj7vckPGiw-unsplash-256x256.jpg 256w\" sizes=\"(max-width: 400px) 100vw, 400px\" \/><\/figure>\n<\/div>\n\n\n\n<div class=\"wp-block-column is-layout-flow\" style=\"flex-basis:66.66%\">\n<p><strong>Lecciones aprendidas<\/strong><\/p>\n\n\n\n<p>En Estonia no hay brecha digital, lo que ayud\u00f3 a que durante los confinamientos estrictos del 2020 su PBI cayera solo un 2,9%, mientras que en Francia la ca\u00edda fue del 8,3%, en Italia del 8,8%, en Reino Unido del 9,9%, un 11% en Espa\u00f1a y en Alemania y Suecia estuvo en torno del 5%.<\/p>\n\n\n\n<p>Estonia proporcion\u00f3 a Per\u00fa valiosas lecciones en t\u00e9rminos de gobernanza digital. Como afirm\u00f3 Marushka Chocobar: \u201cTomamos el modelo estonio y lo plasmamos en una ley: la Ley de Gobierno Digital (septiembre de 2018)\u201d. Per\u00fa se enfoc\u00f3 en ampliar la cobertura del gobierno digital, que incluy\u00f3 diferentes servicios digitales, desde el comercio electr\u00f3nico hasta las plataformas de identidad digital, pasando por la ciberseguridad. De acuerdo con un estudio del BID, el 61% de los encuestados en Per\u00fa realizaron su \u00faltimo tr\u00e1mite en l\u00ednea y 1 de cada 6 compras se realiza a trav\u00e9s de Internet. La digitalizaci\u00f3n de la econom\u00eda peruana ha jugado un papel clave en la recuperaci\u00f3n post-pand\u00e9mica de ese pa\u00eds, un proceso que le llev\u00f3 en 2021 a ser la econom\u00eda del mundo con mayor crecimiento del PIB. Fue un proceso que, adem\u00e1s, se retroaliment\u00f3, como revela el hecho de que la mayor\u00eda de las tiendas digitales del pa\u00eds apenas tengan un a\u00f1o de vida y adem\u00e1s, se facturaron US$9.000 millones a trav\u00e9s de plataformas de comercio electr\u00f3nico durante la pandemia.<\/p>\n\n\n\n<p>La infraestructura la desarrollan los ingenieros pero la usa la gente y esa es la raz\u00f3n m\u00e1s importante de traer a Toomas Ilves expresidente de Estonia y el impulsor de estas pol\u00edticas a RD para que pueda compartir sus conocimientos con los decisi\u00f3n makers, inspirarnos y as\u00ed impulsar los cambios necesarios en nuestra transformaci\u00f3n. El evento para 100 personas ser\u00e1 el 9 de noviembre y contar\u00e1 con importantes speakers locales junto al Presidente Ilves.<\/p>\n<\/div>\n<\/div>\n\n\n\n<div class=\"wp-block-buttons is-layout-flex\">\n<div class=\"wp-block-button\"><a class=\"wp-block-button__link\" href=\"https:\/\/rdavanza.com\/index.php\/entradas-al-evento\/\">asistir al evento.<\/a><\/div>\n<\/div>\n","protected":false},"excerpt":{"rendered":"<p>Facts acerca de Estonia CIUDADANIA Una importante lecci\u00f3n es \u201cQue se muevan los datos y no las personas\u201d Todos los ciudadanos tienen su ciudadan\u00eda digital lo que les permite realizar tramites directamente en Internet sin asistir personalmente, su tarjeta de identidad digital les permite realizar todo tipo de consultas con la administraci\u00f3n: votar en las [&hellip;]<\/p>\n","protected":false},"author":1,"featured_media":0,"parent":0,"menu_order":0,"comment_status":"closed","ping_status":"closed","template":"blank","meta":{"om_disable_all_campaigns":false,"_monsterinsights_skip_tracking":false,"_monsterinsights_sitenote_active":false,"_monsterinsights_sitenote_note":"","_monsterinsights_sitenote_category":0},"aioseo_notices":[],"_links":{"self":[{"href":"https:\/\/rdavanza.com\/index.php\/wp-json\/wp\/v2\/pages\/85"}],"collection":[{"href":"https:\/\/rdavanza.com\/index.php\/wp-json\/wp\/v2\/pages"}],"about":[{"href":"https:\/\/rdavanza.com\/index.php\/wp-json\/wp\/v2\/types\/page"}],"author":[{"embeddable":true,"href":"https:\/\/rdavanza.com\/index.php\/wp-json\/wp\/v2\/users\/1"}],"replies":[{"embeddable":true,"href":"https:\/\/rdavanza.com\/index.php\/wp-json\/wp\/v2\/comments?post=85"}],"version-history":[{"count":4,"href":"https:\/\/rdavanza.com\/index.php\/wp-json\/wp\/v2\/pages\/85\/revisions"}],"predecessor-version":[{"id":100,"href":"https:\/\/rdavanza.com\/index.php\/wp-json\/wp\/v2\/pages\/85\/revisions\/100"}],"wp:attachment":[{"href":"https:\/\/rdavanza.com\/index.php\/wp-json\/wp\/v2\/media?parent=85"}],"curies":[{"name":"wp","href":"https:\/\/api.w.org\/{rel}","templated":true}]}}